{"id":2,"date":"2019-06-06T17:58:33","date_gmt":"2019-06-06T15:58:33","guid":{"rendered":"http:\/\/instinct-original.fr\/?page_id=2"},"modified":"2019-06-16T16:32:06","modified_gmt":"2019-06-16T14:32:06","slug":"page-d-exemple","status":"publish","type":"page","link":"https:\/\/instinct-original.fr\/?page_id=2","title":{"rendered":"Pr\u00e9sentation"},"content":{"rendered":"\n<p>Voyage en Sicile: Atterrissage \u00e0 Palerme le 2 ao\u00fbt 2019.<\/p>\n\n\n\n<p>&#8230; ou quelque chose comme cela&nbsp;:<\/p>\n\n\n\n<blockquote class=\"wp-block-quote is-layout-flow wp-block-quote-is-layout-flow\"><p>Bonjour&nbsp;! Je suis acteur et je souhaite devenir m\u00e9canicien.<\/p><\/blockquote>\n\n\n\n<blockquote class=\"wp-block-quote is-layout-flow wp-block-quote-is-layout-flow\"><p>La soci\u00e9t\u00e9 FrenchFabLuxWear a \u00e9t\u00e9 cr\u00e9\u00e9e en 1900, et n\u2019a cess\u00e9 de proposer au public des articles vestimentaires de tr\u00e8s haute qualit\u00e9 depuis lors. Situ\u00e9e au c\u0153ur de la Normandie, employant une quinzaine de personnes, faites appel \u00e0 son savoir-faire !<\/p><\/blockquote>\n\n\n\n<p><\/p>\n","protected":false},"excerpt":{"rendered":"<p>Voyage en Sicile: Atterrissage \u00e0 Palerme le 2 ao\u00fbt 2019. &#8230; ou quelque chose comme cela&nbsp;: Bonjour&nbsp;! Je suis acteur et je souhaite devenir m\u00e9canicien. La soci\u00e9t\u00e9 FrenchFabLuxWear a \u00e9t\u00e9 cr\u00e9\u00e9e en 1900, et n\u2019a cess\u00e9 de proposer au public des articles vestimentaires de tr\u00e8s haute qualit\u00e9 depuis lors. Situ\u00e9e au c\u0153ur de la Normandie, [&hellip;]<\/p>\n","protected":false},"author":1,"featured_media":0,"parent":0,"menu_order":0,"comment_status":"closed","ping_status":"open","template":"","meta":{"footnotes":""},"class_list":["post-2","page","type-page","status-publish","hentry"],"_links":{"self":[{"href":"https:\/\/instinct-original.fr\/index.php?rest_route=\/wp\/v2\/pages\/2","targetHints":{"allow":["GET"]}}],"collection":[{"href":"https:\/\/instinct-original.fr\/index.php?rest_route=\/wp\/v2\/pages"}],"about":[{"href":"https:\/\/instinct-original.fr\/index.php?rest_route=\/wp\/v2\/types\/page"}],"author":[{"embeddable":true,"href":"https:\/\/instinct-original.fr\/index.php?rest_route=\/wp\/v2\/users\/1"}],"replies":[{"embeddable":true,"href":"https:\/\/instinct-original.fr\/index.php?rest_route=%2Fwp%2Fv2%2Fcomments&post=2"}],"version-history":[{"count":5,"href":"https:\/\/instinct-original.fr\/index.php?rest_route=\/wp\/v2\/pages\/2\/revisions"}],"predecessor-version":[{"id":127,"href":"https:\/\/instinct-original.fr\/index.php?rest_route=\/wp\/v2\/pages\/2\/revisions\/127"}],"wp:attachment":[{"href":"https:\/\/instinct-original.fr\/index.php?rest_route=%2Fwp%2Fv2%2Fmedia&parent=2"}],"curies":[{"name":"wp","href":"https:\/\/api.w.org\/{rel}","templated":true}]}}